{"id":170,"date":"2020-07-17T16:04:31","date_gmt":"2020-07-17T16:04:31","guid":{"rendered":"https:\/\/bridge382.qodeinteractive.com\/?page_id=6"},"modified":"2025-11-25T20:22:48","modified_gmt":"2025-11-25T20:22:48","slug":"home","status":"publish","type":"page","link":"https:\/\/www.martinbermoser.com\/de\/","title":{"rendered":"Home"},"content":{"rendered":"<div data-elementor-type=\"wp-page\" data-elementor-id=\"170\" class=\"elementor elementor-170\">\n\t\t\t\t\t\t<section class=\"elementor-section elementor-top-section elementor-element elementor-element-39af58e elementor-section-full_width elementor-section-height-default elementor-section-height-default parallax_section_no qode_elementor_container_no\" data-id=\"39af58e\" data-element_type=\"section\" data-e-type=\"section\">\n\t\t\t\t\t\t<div class=\"elementor-container elementor-column-gap-default\">\n\t\t\t\t\t<div class=\"elementor-column elementor-col-100 elementor-top-column elementor-element elementor-element-14c5291\" data-id=\"14c5291\" data-element_type=\"column\" data-e-type=\"column\">\n\t\t\t<div class=\"elementor-widget-wrap elementor-element-populated\">\n\t\t\t\t\t\t<div class=\"elementor-element elementor-element-984e8ca elementor-widget__width-initial elementor-widget elementor-widget-slider_revolution\" data-id=\"984e8ca\" data-element_type=\"widget\" data-e-type=\"widget\" data-widget_type=\"slider_revolution.default\">\n\t\t\t\t<div class=\"elementor-widget-container\">\n\t\t\t\t\t\n\t\t<div class=\"wp-block-themepunch-revslider\">\n\t\t\t<!-- START Slider 2 REVOLUTION SLIDER 6.7.40 --><p class=\"rs-p-wp-fix\"><\/p>\n\t\t\t<rs-module-wrap id=\"rev_slider_3_1_wrapper\" data-source=\"gallery\" style=\"visibility:hidden;background:transparent;padding:0;margin:0px auto;margin-top:0;margin-bottom:0;\">\n\t\t\t\t<rs-module id=\"rev_slider_3_1\" style=\"\" data-version=\"6.7.40\">\n\t\t\t\t\t<rs-slides style=\"overflow: hidden; position: absolute;\">\n\t\t\t\t\t\t<rs-slide style=\"position: absolute;\" data-key=\"rs-3\" data-title=\"Slide\" data-anim=\"adpr:false;\" data-in=\"o:0;\" data-out=\"a:false;\">\n\t\t\t\t\t\t\t<img decoding=\"async\" src=\"\/\/www.martinbermoser.com\/wp-content\/plugins\/revslider\/sr6\/assets\/assets\/dummy.png\" alt=\"Slide\" title=\"Home\" class=\"rev-slidebg tp-rs-img rs-lazyload\" data-lazyload=\"\/\/www.martinbermoser.com\/wp-content\/plugins\/revslider\/sr6\/assets\/assets\/transparent.png\" data-no-retina>\n<!--\n\t\t\t\t\t\t\t--><rs-layer\n\t\t\t\t\t\t\t\tid=\"slider-3-slide-3-layer-0\" \n\t\t\t\t\t\t\t\tdata-type=\"image\"\n\t\t\t\t\t\t\t\tdata-rsp_ch=\"on\"\n\t\t\t\t\t\t\t\tdata-xy=\"x:c;xo:-1px,0,-81px,-253px;yo:159px,131px,86px,47px;\"\n\t\t\t\t\t\t\t\tdata-text=\"w:normal;s:20,16,12,7;l:0,20,15,9;\"\n\t\t\t\t\t\t\t\tdata-dim=\"w:1360px,1123px,931px,981px;h:373px,308px,350px,369px;\"\n\t\t\t\t\t\t\t\tdata-frame_999=\"o:0;st:w;sR:8700;\"\n\t\t\t\t\t\t\t\tstyle=\"z-index:5;\"\n\t\t\t\t\t\t\t><img fetchpriority=\"high\" decoding=\"async\" src=\"\/\/www.martinbermoser.com\/wp-content\/plugins\/revslider\/sr6\/assets\/assets\/dummy.png\" alt=\"\" class=\"tp-rs-img rs-lazyload\" width=\"1890\" height=\"494\" data-lazyload=\"\/\/www.martinbermoser.com\/wp-content\/uploads\/2025\/02\/schwarz-1.jpg\" data-no-retina> \n\t\t\t\t\t\t\t<\/rs-layer><!--\n\n\t\t\t\t\t\t\t--><rs-layer\n\t\t\t\t\t\t\t\tid=\"slider-3-slide-3-layer-1\" \n\t\t\t\t\t\t\t\tdata-type=\"image\"\n\t\t\t\t\t\t\t\tdata-rsp_ch=\"on\"\n\t\t\t\t\t\t\t\tdata-xy=\"xo:45px,101px,114px,50px;yo:240px,260px,224px,263px;\"\n\t\t\t\t\t\t\t\tdata-text=\"w:normal;s:20,16,12,7;l:0,20,15,9;\"\n\t\t\t\t\t\t\t\tdata-dim=\"w:425px,350px,248px,305px;h:761px,628px,372px,457px;\"\n\t\t\t\t\t\t\t\tdata-frame_1=\"x:1px,0px,0px,0px;\"\n\t\t\t\t\t\t\t\tdata-frame_999=\"o:0;st:w;sR:8700;\"\n\t\t\t\t\t\t\t\tstyle=\"z-index:6;\"\n\t\t\t\t\t\t\t><img decoding=\"async\" src=\"\/\/www.martinbermoser.com\/wp-content\/plugins\/revslider\/sr6\/assets\/assets\/dummy.png\" alt=\"\" class=\"tp-rs-img rs-lazyload\" width=\"1430\" height=\"2560\" data-lazyload=\"\/\/www.martinbermoser.com\/wp-content\/uploads\/2025\/11\/060425_marieluisebaumschlager_martinbermoser-15-Kopie-scaled.jpg\" data-no-retina> \n\t\t\t\t\t\t\t<\/rs-layer><!--\n\n\t\t\t\t\t\t\t--><rs-layer\n\t\t\t\t\t\t\t\tid=\"slider-3-slide-3-layer-2\" \n\t\t\t\t\t\t\t\tdata-type=\"text\"\n\t\t\t\t\t\t\t\tdata-rsp_ch=\"on\"\n\t\t\t\t\t\t\t\tdata-xy=\"xo:521px,399px,384px,182px;yo:318px,262px,228px,189px;\"\n\t\t\t\t\t\t\t\tdata-text=\"w:normal;s:30,30,22,24;l:39,38,29,30;fw:600;\"\n\t\t\t\t\t\t\t\tdata-dim=\"w:auto,auto,auto,282px;\"\n\t\t\t\t\t\t\t\tdata-frame_0=\"sX:0.9;sY:0.9;\"\n\t\t\t\t\t\t\t\tdata-frame_1=\"e:none;st:990;sp:0;sR:990;\"\n\t\t\t\t\t\t\t\tdata-frame_999=\"o:0;st:w;sR:5490;\"\n\t\t\t\t\t\t\t\tstyle=\"z-index:7;font-family:'Open Sans';\"\n\t\t\t\t\t\t\t>ACTOR |\u00a0SINGER & SONGWRITER | COACH \n\t\t\t\t\t\t\t<\/rs-layer><!--\n\n\t\t\t\t\t\t\t--><rs-layer\n\t\t\t\t\t\t\t\tid=\"slider-3-slide-3-layer-5\" \n\t\t\t\t\t\t\t\tdata-type=\"text\"\n\t\t\t\t\t\t\t\tdata-rsp_ch=\"on\"\n\t\t\t\t\t\t\t\tdata-xy=\"xo:518px,394px,190px,48px;yo:221px,176px,149px,121px;\"\n\t\t\t\t\t\t\t\tdata-text=\"w:normal;s:72,59,46,42;l:91,75,59,52;fw:600;\"\n\t\t\t\t\t\t\t\tdata-dim=\"w:auto,auto,auto,418px;\"\n\t\t\t\t\t\t\t\tdata-frame_0=\"x:0,0,0px,0px;y:0,0,0px,0px;sX:0.9;sY:0.9;\"\n\t\t\t\t\t\t\t\tdata-frame_1=\"y:-1px,0px,0px,0px;e:none;sp:0;\"\n\t\t\t\t\t\t\t\tdata-frame_999=\"o:0;st:w;sR:6350;\"\n\t\t\t\t\t\t\t\tstyle=\"z-index:8;font-family:'Open Sans';\"\n\t\t\t\t\t\t\t>MARTIN BERMOSER \n\t\t\t\t\t\t\t<\/rs-layer><!--\n-->\t\t\t\t\t<\/rs-slide>\n\t\t\t\t\t<\/rs-slides>\n\t\t\t\t<\/rs-module>\n\t\t\t\t<script>\n\t\t\t\t\tsetREVStartSize({c: 'rev_slider_3_1',rl:[1240,1024,778,480],el:[900,768,960,720],gw:[1240,1024,778,480],gh:[900,768,960,720],type:'standard',justify:'',layout:'fullwidth',mh:\"0\"});if (window.RS_MODULES!==undefined && window.RS_MODULES.modules!==undefined && window.RS_MODULES.modules[\"revslider31\"]!==undefined) {window.RS_MODULES.modules[\"revslider31\"].once = false;window.revapi3 = undefined;if (window.RS_MODULES.checkMinimal!==undefined) window.RS_MODULES.checkMinimal()}\n\t\t\t\t<\/script>\n\t\t\t<\/rs-module-wrap>\n\t\t\t<!-- END REVOLUTION SLIDER -->\n<\/div>\n\n\t\t\t\t\t\t<\/div>\n\t\t\t\t<\/div>\n\t\t\t\t\t<\/div>\n\t\t<\/div>\n\t\t\t\t\t<\/div>\n\t\t<\/section>\n\t\t\t\t<section class=\"elementor-section elementor-top-section elementor-element elementor-element-60cd1cd qode_elementor_container_inner elementor-section-boxed elementor-section-height-default elementor-section-height-default parallax_section_no\" data-id=\"60cd1cd\" data-element_type=\"section\" data-e-type=\"section\">\n\t\t\t\t\t\t<div class=\"elementor-container elementor-column-gap-default\">\n\t\t\t\t\t<div class=\"elementor-column elementor-col-50 elementor-top-column elementor-element elementor-element-7c67619\" data-id=\"7c67619\" data-element_type=\"column\" data-e-type=\"column\">\n\t\t\t<div class=\"elementor-widget-wrap elementor-element-populated\">\n\t\t\t\t\t\t<div class=\"elementor-element elementor-element-fc3b3d0 elementor-widget__width-initial elementor-widget elementor-widget-text-editor\" data-id=\"fc3b3d0\" data-element_type=\"widget\" data-e-type=\"widget\" data-widget_type=\"text-editor.default\">\n\t\t\t\t<div class=\"elementor-widget-container\">\n\t\t\t\t\t\t\t\t\t<p id=\"u114784-2\">Martin Bermoser, der \u00f6sterreichische Schauspieler und S\u00e4nger, begann seine Karriere 1998 in Wien. Nach zahlreichen Projekten - auch in New York, Berlin und Stuttgart - setzt er heute seine Arbeit in Wien fort.<\/p><p id=\"u114784-2\">\u00a0<\/p><p>Er begann seine Schauspielkarriere im Alter von 18 Jahren an der staatlichen Schauspielschule MUK.<\/p><p id=\"u114784-5\">Im Laufe seiner Karriere arbeitete er mit zahlreichen namhaften Film- und Theaterregisseuren zusammen, darunter Michael Haneke, St\u00e9phane Foenkinos, Alain Gsponer, Harald Sicheritz, Wolfgang Murnberger, Mara Mattuschka, Barry Kosky, Robert Meyer, Michael Schottenberg, Arturas Valudskis, Astrid Griesbach, Folke Braband, Bernd Mottl und anderen.<\/p><p id=\"u114784-5\">\u00a0<\/p><p id=\"u114784-17\">Martin hat im Laufe der Jahre eine gro\u00dfe Leidenschaft f\u00fcr Yoga und Capoeira entwickelt, die er nun schon seit mehr als einem Jahrzehnt aus\u00fcbt.<\/p>\t\t\t\t\t\t\t\t<\/div>\n\t\t\t\t<\/div>\n\t\t\t\t\t<\/div>\n\t\t<\/div>\n\t\t\t\t<div class=\"elementor-column elementor-col-50 elementor-top-column elementor-element elementor-element-60a5a4f\" data-id=\"60a5a4f\" data-element_type=\"column\" data-e-type=\"column\">\n\t\t\t<div class=\"elementor-widget-wrap elementor-element-populated\">\n\t\t\t\t\t\t<div class=\"elementor-element elementor-element-b080f7b elementor-widget__width-initial elementor-widget elementor-widget-image\" data-id=\"b080f7b\" data-element_type=\"widget\" data-e-type=\"widget\" data-widget_type=\"image.default\">\n\t\t\t\t<div class=\"elementor-widget-container\">\n\t\t\t\t\t\t\t\t\t\t\t\t\t\t\t<img decoding=\"async\" width=\"753\" height=\"1024\" src=\"https:\/\/www.martinbermoser.com\/wp-content\/uploads\/2021\/05\/Martin-Bermoser-IMG_9415-Kopie-753x1024.jpg\" class=\"attachment-large size-large wp-image-395\" alt=\"\" srcset=\"https:\/\/www.martinbermoser.com\/wp-content\/uploads\/2021\/05\/Martin-Bermoser-IMG_9415-Kopie-753x1024.jpg 753w, https:\/\/www.martinbermoser.com\/wp-content\/uploads\/2021\/05\/Martin-Bermoser-IMG_9415-Kopie-221x300.jpg 221w, https:\/\/www.martinbermoser.com\/wp-content\/uploads\/2021\/05\/Martin-Bermoser-IMG_9415-Kopie-768x1044.jpg 768w, https:\/\/www.martinbermoser.com\/wp-content\/uploads\/2021\/05\/Martin-Bermoser-IMG_9415-Kopie-1129x1536.jpg 1129w, https:\/\/www.martinbermoser.com\/wp-content\/uploads\/2021\/05\/Martin-Bermoser-IMG_9415-Kopie-1506x2048.jpg 1506w, https:\/\/www.martinbermoser.com\/wp-content\/uploads\/2021\/05\/Martin-Bermoser-IMG_9415-Kopie-700x952.jpg 700w, https:\/\/www.martinbermoser.com\/wp-content\/uploads\/2021\/05\/Martin-Bermoser-IMG_9415-Kopie-scaled.jpg 1882w\" sizes=\"(max-width: 753px) 100vw, 753px\" \/>\t\t\t\t\t\t\t\t\t\t\t\t\t\t\t<\/div>\n\t\t\t\t<\/div>\n\t\t\t\t\t<\/div>\n\t\t<\/div>\n\t\t\t\t\t<\/div>\n\t\t<\/section>\n\t\t\t\t<section class=\"elementor-section elementor-top-section elementor-element elementor-element-0e54f77 qode_elementor_container_inner elementor-section-boxed elementor-section-height-default elementor-section-height-default parallax_section_no\" data-id=\"0e54f77\" data-element_type=\"section\" data-e-type=\"section\">\n\t\t\t\t\t\t<div class=\"elementor-container elementor-column-gap-default\">\n\t\t\t\t\t<div class=\"elementor-column elementor-col-100 elementor-top-column elementor-element elementor-element-5c65b8e\" data-id=\"5c65b8e\" data-element_type=\"column\" data-e-type=\"column\">\n\t\t\t<div class=\"elementor-widget-wrap elementor-element-populated\">\n\t\t\t\t\t\t<div class=\"elementor-element elementor-element-9b0b5f1 elementor-widget elementor-widget-heading\" data-id=\"9b0b5f1\" data-element_type=\"widget\" data-e-type=\"widget\" data-widget_type=\"heading.default\">\n\t\t\t\t<div class=\"elementor-widget-container\">\n\t\t\t\t\t<h4 class=\"elementor-heading-title elementor-size-default\"><a href=\"https:\/\/www.castupload.com\/actors\/martin-bermoser\/showreels\/78764?locale=de\">SHOWREEL<\/a><\/h4>\t\t\t\t<\/div>\n\t\t\t\t<\/div>\n\t\t\t\t<div class=\"elementor-element elementor-element-d85afd1 elementor-widget elementor-widget-video\" data-id=\"d85afd1\" data-element_type=\"widget\" data-e-type=\"widget\" data-settings=\"{&quot;video_type&quot;:&quot;vimeo&quot;}\" data-widget_type=\"video.default\">\n\t\t\t\t<div class=\"elementor-widget-container\">\n\t\t\t\t\t\t\t<div class=\"elementor-wrapper elementor-open-inline\">\n\t\t\t<iframe class=\"elementor-video-iframe\" allowfullscreen allow=\"clipboard-write\" title=\"vimeo Video Player\" src=\"https:\/\/player.vimeo.com\/video\/1138452375?color&amp;autopause=0&amp;loop=0&amp;muted=0&amp;title=1&amp;portrait=1&amp;byline=1#t=\"><\/iframe>\t\t<\/div>\n\t\t\t\t\t\t<\/div>\n\t\t\t\t<\/div>\n\t\t\t\t\t<\/div>\n\t\t<\/div>\n\t\t\t\t\t<\/div>\n\t\t<\/section>\n\t\t\t\t<section class=\"elementor-section elementor-top-section elementor-element elementor-element-efd7e63 qode_elementor_container_inner elementor-section-boxed elementor-section-height-default elementor-section-height-default parallax_section_no\" data-id=\"efd7e63\" data-element_type=\"section\" data-e-type=\"section\">\n\t\t\t\t\t\t<div class=\"elementor-container elementor-column-gap-default\">\n\t\t\t\t\t<div class=\"elementor-column elementor-col-50 elementor-top-column elementor-element elementor-element-7552a54\" data-id=\"7552a54\" data-element_type=\"column\" data-e-type=\"column\" data-settings=\"{&quot;background_background&quot;:&quot;classic&quot;}\">\n\t\t\t<div class=\"elementor-widget-wrap elementor-element-populated\">\n\t\t\t\t\t\t<div class=\"elementor-element elementor-element-0cde6e3 elementor-widget elementor-widget-heading\" data-id=\"0cde6e3\" data-element_type=\"widget\" data-e-type=\"widget\" data-widget_type=\"heading.default\">\n\t\t\t\t<div class=\"elementor-widget-container\">\n\t\t\t\t\t<h5 class=\"elementor-heading-title elementor-size-default\"><a href=\"https:\/\/www.martinbermoser.com\/de\/contact\/\" target=\"_blank\" https=\"\">Contact<\/a><\/h5>\t\t\t\t<\/div>\n\t\t\t\t<\/div>\n\t\t\t\t\t<\/div>\n\t\t<\/div>\n\t\t\t\t<div class=\"elementor-column elementor-col-50 elementor-top-column elementor-element elementor-element-db451de\" data-id=\"db451de\" data-element_type=\"column\" data-e-type=\"column\" data-settings=\"{&quot;background_background&quot;:&quot;classic&quot;}\">\n\t\t\t<div class=\"elementor-widget-wrap elementor-element-populated\">\n\t\t\t\t\t\t<div class=\"elementor-element elementor-element-d45fd09 elementor-widget elementor-widget-heading\" data-id=\"d45fd09\" data-element_type=\"widget\" data-e-type=\"widget\" data-widget_type=\"heading.default\">\n\t\t\t\t<div class=\"elementor-widget-container\">\n\t\t\t\t\t<h5 class=\"elementor-heading-title elementor-size-default\"><a href=\"https:\/\/www.martinbermoser.com\/de\/acting\/\" target=\"_blank\">ACTING<\/a><\/h5>\t\t\t\t<\/div>\n\t\t\t\t<\/div>\n\t\t\t\t\t<\/div>\n\t\t<\/div>\n\t\t\t\t\t<\/div>\n\t\t<\/section>\n\t\t\t\t<\/div>","protected":false},"excerpt":{"rendered":"<p>Martin Bermoser, the austrian actor and singer began his career in 1998 in Vienna.\u00a0After a numerous projects also in New York, Berlin and Stuttgart he nowadays continues his work in Vienna. \u00a0 He started his acting career at the age of 18 at the state-acting-school&#8230;<\/p>","protected":false},"author":1,"featured_media":380,"parent":0,"menu_order":0,"comment_status":"closed","ping_status":"closed","template":"full_width.php","meta":{"footnotes":""},"class_list":["post-170","page","type-page","status-publish","has-post-thumbnail","hentry"],"yoast_head":"<!-- This site is optimized with the Yoast SEO plugin v27.6 - https:\/\/yoast.com\/product\/yoast-seo-wordpress\/ -->\n<title>Home - MARTIN BERMOSER<\/title>\n<meta name=\"robots\" content=\"index, follow, max-snippet:-1, max-image-preview:large, max-video-preview:-1\" \/>\n<link rel=\"canonical\" href=\"https:\/\/www.martinbermoser.com\/de\/\" \/>\n<meta property=\"og:locale\" content=\"de_DE\" \/>\n<meta property=\"og:type\" content=\"article\" \/>\n<meta property=\"og:title\" content=\"Home - MARTIN BERMOSER\" \/>\n<meta property=\"og:description\" content=\"Martin Bermoser, the austrian actor and singer began his career in 1998 in Vienna.\u00a0After a numerous projects also in New York, Berlin and Stuttgart he nowadays continues his work in Vienna. \u00a0 He started his acting career at the age of 18 at the state-acting-school...\" \/>\n<meta property=\"og:url\" content=\"https:\/\/www.martinbermoser.com\/de\/\" \/>\n<meta property=\"og:site_name\" content=\"MARTIN BERMOSER\" \/>\n<meta property=\"article:modified_time\" content=\"2025-11-25T20:22:48+00:00\" \/>\n<meta property=\"og:image\" content=\"https:\/\/www.martinbermoser.com\/wp-content\/uploads\/2021\/05\/Martin-Bermoser-ZauckeMartinBermoser0005-Kopie-scaled.jpg\" \/>\n\t<meta property=\"og:image:width\" content=\"1707\" \/>\n\t<meta property=\"og:image:height\" content=\"2560\" \/>\n\t<meta property=\"og:image:type\" content=\"image\/jpeg\" \/>\n<meta name=\"twitter:card\" content=\"summary_large_image\" \/>\n<meta name=\"twitter:label1\" content=\"Gesch\u00e4tzte Lesezeit\" \/>\n\t<meta name=\"twitter:data1\" content=\"2\u00a0Minuten\" \/>\n<script type=\"application\/ld+json\" class=\"yoast-schema-graph\">{\"@context\":\"https:\\\/\\\/schema.org\",\"@graph\":[{\"@type\":\"WebPage\",\"@id\":\"https:\\\/\\\/www.martinbermoser.com\\\/\",\"url\":\"https:\\\/\\\/www.martinbermoser.com\\\/\",\"name\":\"Home - MARTIN BERMOSER\",\"isPartOf\":{\"@id\":\"https:\\\/\\\/www.martinbermoser.com\\\/#website\"},\"primaryImageOfPage\":{\"@id\":\"https:\\\/\\\/www.martinbermoser.com\\\/#primaryimage\"},\"image\":{\"@id\":\"https:\\\/\\\/www.martinbermoser.com\\\/#primaryimage\"},\"thumbnailUrl\":\"https:\\\/\\\/www.martinbermoser.com\\\/wp-content\\\/uploads\\\/2021\\\/05\\\/Martin-Bermoser-ZauckeMartinBermoser0005-Kopie-scaled.jpg\",\"datePublished\":\"2020-07-17T16:04:31+00:00\",\"dateModified\":\"2025-11-25T20:22:48+00:00\",\"breadcrumb\":{\"@id\":\"https:\\\/\\\/www.martinbermoser.com\\\/#breadcrumb\"},\"inLanguage\":\"de\",\"potentialAction\":[{\"@type\":\"ReadAction\",\"target\":[\"https:\\\/\\\/www.martinbermoser.com\\\/\"]}]},{\"@type\":\"ImageObject\",\"inLanguage\":\"de\",\"@id\":\"https:\\\/\\\/www.martinbermoser.com\\\/#primaryimage\",\"url\":\"https:\\\/\\\/www.martinbermoser.com\\\/wp-content\\\/uploads\\\/2021\\\/05\\\/Martin-Bermoser-ZauckeMartinBermoser0005-Kopie-scaled.jpg\",\"contentUrl\":\"https:\\\/\\\/www.martinbermoser.com\\\/wp-content\\\/uploads\\\/2021\\\/05\\\/Martin-Bermoser-ZauckeMartinBermoser0005-Kopie-scaled.jpg\",\"width\":1707,\"height\":2560},{\"@type\":\"BreadcrumbList\",\"@id\":\"https:\\\/\\\/www.martinbermoser.com\\\/#breadcrumb\",\"itemListElement\":[{\"@type\":\"ListItem\",\"position\":1,\"name\":\"Home\",\"item\":\"https:\\\/\\\/www.martinbermoser.com\\\/\"},{\"@type\":\"ListItem\",\"position\":2,\"name\":\"Home\"}]},{\"@type\":\"WebSite\",\"@id\":\"https:\\\/\\\/www.martinbermoser.com\\\/#website\",\"url\":\"https:\\\/\\\/www.martinbermoser.com\\\/\",\"name\":\"MARTIN BERMOSER\",\"description\":\"MARTIN BERMOSER\",\"potentialAction\":[{\"@type\":\"SearchAction\",\"target\":{\"@type\":\"EntryPoint\",\"urlTemplate\":\"https:\\\/\\\/www.martinbermoser.com\\\/?s={search_term_string}\"},\"query-input\":{\"@type\":\"PropertyValueSpecification\",\"valueRequired\":true,\"valueName\":\"search_term_string\"}}],\"inLanguage\":\"de\"}]}<\/script>\n<!-- \/ Yoast SEO plugin. -->","yoast_head_json":{"title":"Home - MARTIN BERMOSER","robots":{"index":"index","follow":"follow","max-snippet":"max-snippet:-1","max-image-preview":"max-image-preview:large","max-video-preview":"max-video-preview:-1"},"canonical":"https:\/\/www.martinbermoser.com\/de\/","og_locale":"de_DE","og_type":"article","og_title":"Home - MARTIN BERMOSER","og_description":"Martin Bermoser, the austrian actor and singer began his career in 1998 in Vienna.\u00a0After a numerous projects also in New York, Berlin and Stuttgart he nowadays continues his work in Vienna. \u00a0 He started his acting career at the age of 18 at the state-acting-school...","og_url":"https:\/\/www.martinbermoser.com\/de\/","og_site_name":"MARTIN BERMOSER","article_modified_time":"2025-11-25T20:22:48+00:00","og_image":[{"width":1707,"height":2560,"url":"https:\/\/www.martinbermoser.com\/wp-content\/uploads\/2021\/05\/Martin-Bermoser-ZauckeMartinBermoser0005-Kopie-scaled.jpg","type":"image\/jpeg"}],"twitter_card":"summary_large_image","twitter_misc":{"Gesch\u00e4tzte Lesezeit":"2\u00a0Minuten"},"schema":{"@context":"https:\/\/schema.org","@graph":[{"@type":"WebPage","@id":"https:\/\/www.martinbermoser.com\/","url":"https:\/\/www.martinbermoser.com\/","name":"Home - MARTIN BERMOSER","isPartOf":{"@id":"https:\/\/www.martinbermoser.com\/#website"},"primaryImageOfPage":{"@id":"https:\/\/www.martinbermoser.com\/#primaryimage"},"image":{"@id":"https:\/\/www.martinbermoser.com\/#primaryimage"},"thumbnailUrl":"https:\/\/www.martinbermoser.com\/wp-content\/uploads\/2021\/05\/Martin-Bermoser-ZauckeMartinBermoser0005-Kopie-scaled.jpg","datePublished":"2020-07-17T16:04:31+00:00","dateModified":"2025-11-25T20:22:48+00:00","breadcrumb":{"@id":"https:\/\/www.martinbermoser.com\/#breadcrumb"},"inLanguage":"de","potentialAction":[{"@type":"ReadAction","target":["https:\/\/www.martinbermoser.com\/"]}]},{"@type":"ImageObject","inLanguage":"de","@id":"https:\/\/www.martinbermoser.com\/#primaryimage","url":"https:\/\/www.martinbermoser.com\/wp-content\/uploads\/2021\/05\/Martin-Bermoser-ZauckeMartinBermoser0005-Kopie-scaled.jpg","contentUrl":"https:\/\/www.martinbermoser.com\/wp-content\/uploads\/2021\/05\/Martin-Bermoser-ZauckeMartinBermoser0005-Kopie-scaled.jpg","width":1707,"height":2560},{"@type":"BreadcrumbList","@id":"https:\/\/www.martinbermoser.com\/#breadcrumb","itemListElement":[{"@type":"ListItem","position":1,"name":"Home","item":"https:\/\/www.martinbermoser.com\/"},{"@type":"ListItem","position":2,"name":"Home"}]},{"@type":"WebSite","@id":"https:\/\/www.martinbermoser.com\/#website","url":"https:\/\/www.martinbermoser.com\/","name":"MARTIN BERMOSER","description":"MARTIN BERMOSER","potentialAction":[{"@type":"SearchAction","target":{"@type":"EntryPoint","urlTemplate":"https:\/\/www.martinbermoser.com\/?s={search_term_string}"},"query-input":{"@type":"PropertyValueSpecification","valueRequired":true,"valueName":"search_term_string"}}],"inLanguage":"de"}]}},"_links":{"self":[{"href":"https:\/\/www.martinbermoser.com\/de\/wp-json\/wp\/v2\/pages\/170","targetHints":{"allow":["GET"]}}],"collection":[{"href":"https:\/\/www.martinbermoser.com\/de\/wp-json\/wp\/v2\/pages"}],"about":[{"href":"https:\/\/www.martinbermoser.com\/de\/wp-json\/wp\/v2\/types\/page"}],"author":[{"embeddable":true,"href":"https:\/\/www.martinbermoser.com\/de\/wp-json\/wp\/v2\/users\/1"}],"replies":[{"embeddable":true,"href":"https:\/\/www.martinbermoser.com\/de\/wp-json\/wp\/v2\/comments?post=170"}],"version-history":[{"count":209,"href":"https:\/\/www.martinbermoser.com\/de\/wp-json\/wp\/v2\/pages\/170\/revisions"}],"predecessor-version":[{"id":1137,"href":"https:\/\/www.martinbermoser.com\/de\/wp-json\/wp\/v2\/pages\/170\/revisions\/1137"}],"wp:featuredmedia":[{"embeddable":true,"href":"https:\/\/www.martinbermoser.com\/de\/wp-json\/wp\/v2\/media\/380"}],"wp:attachment":[{"href":"https:\/\/www.martinbermoser.com\/de\/wp-json\/wp\/v2\/media?parent=170"}],"curies":[{"name":"wp","href":"https:\/\/api.w.org\/{rel}","templated":true}]}}